{"id":10778,"date":"2026-03-06T12:00:02","date_gmt":"2026-03-06T12:00:02","guid":{"rendered":"https:\/\/mariasbeautycenter.se\/?page_id=10778"},"modified":"2026-03-06T12:09:09","modified_gmt":"2026-03-06T12:09:09","slug":"headspa","status":"publish","type":"page","link":"https:\/\/mariasbeautycenter.se\/en\/headspa\/","title":{"rendered":"Headspa"},"content":{"rendered":"<div data-elementor-type=\"wp-page\" data-elementor-id=\"10778\" class=\"elementor elementor-10778\" data-elementor-settings=\"{&quot;ha_cmc_init_switcher&quot;:&quot;no&quot;}\" data-elementor-post-type=\"page\">\n\t\t\t\t\t\t<section data-particle_enable=\"false\" data-particle-mobile-disabled=\"false\" class=\"elementor-section elementor-top-section elementor-element elementor-element-eb0e54b elementor-section-height-min-height elementor-section-stretched elementor-section-boxed elementor-section-height-default elementor-section-items-middle\" data-id=\"eb0e54b\" data-element_type=\"section\" data-e-type=\"section\" data-settings=\"{&quot;stretch_section&quot;:&quot;section-stretched&quot;,&quot;background_background&quot;:&quot;classic&quot;,&quot;_ha_eqh_enable&quot;:false}\">\n\t\t\t\t\t\t\t<div class=\"elementor-background-overlay\"><\/div>\n\t\t\t\t\t\t\t<div class=\"elementor-container elementor-column-gap-default\">\n\t\t\t\t\t<div class=\"elementor-column elementor-col-100 elementor-top-column elementor-element elementor-element-0b36451\" data-id=\"0b36451\" data-element_type=\"column\" data-e-type=\"column\">\n\t\t\t<div class=\"elementor-widget-wrap elementor-element-populated\">\n\t\t\t\t\t\t<div class=\"elementor-element elementor-element-72a5295 elementor-widget elementor-widget-heading\" data-id=\"72a5295\" data-element_type=\"widget\" data-e-type=\"widget\" data-widget_type=\"heading.default\">\n\t\t\t\t<div class=\"elementor-widget-container\">\n\t\t\t\t\t<h1 class=\"elementor-heading-title elementor-size-default\">Headspa \u2013 Djup v\u00e5rd f\u00f6r h\u00e5r &amp; h\u00e5rbotten<\/h1>\t\t\t\t<\/div>\n\t\t\t\t<\/div>\n\t\t\t\t<div class=\"elementor-element elementor-element-5e97e5d elementor-widget-divider--view-line elementor-widget elementor-widget-divider\" data-id=\"5e97e5d\" data-element_type=\"widget\" data-e-type=\"widget\" data-widget_type=\"divider.default\">\n\t\t\t\t<div class=\"elementor-widget-container\">\n\t\t\t\t\t\t\t<div class=\"elementor-divider\">\n\t\t\t<span class=\"elementor-divider-separator\">\n\t\t\t\t\t\t<\/span>\n\t\t<\/div>\n\t\t\t\t\t\t<\/div>\n\t\t\t\t<\/div>\n\t\t\t\t\t<\/div>\n\t\t<\/div>\n\t\t\t\t\t<\/div>\n\t\t<\/section>\n\t\t\t\t<section data-particle_enable=\"false\" data-particle-mobile-disabled=\"false\" class=\"elementor-section elementor-top-section elementor-element elementor-element-5f40889 elementor-section-boxed elementor-section-height-default elementor-section-height-default\" data-id=\"5f40889\" data-element_type=\"section\" data-e-type=\"section\" data-settings=\"{&quot;_ha_eqh_enable&quot;:false}\">\n\t\t\t\t\t\t<div class=\"elementor-container elementor-column-gap-default\">\n\t\t\t\t\t<div class=\"elementor-column elementor-col-50 elementor-top-column elementor-element elementor-element-2779e5d\" data-id=\"2779e5d\" data-element_type=\"column\" data-e-type=\"column\">\n\t\t\t<div class=\"elementor-widget-wrap elementor-element-populated\">\n\t\t\t\t\t\t<div class=\"elementor-element elementor-element-0b3e13c elementor-widget elementor-widget-heading\" data-id=\"0b3e13c\" data-element_type=\"widget\" data-e-type=\"widget\" data-widget_type=\"heading.default\">\n\t\t\t\t<div class=\"elementor-widget-container\">\n\t\t\t\t\t<h2 class=\"elementor-heading-title elementor-size-default\">Ge ditt h\u00e5r och din h\u00e5rbotten en paus fr\u00e5n stress.<\/h2>\t\t\t\t<\/div>\n\t\t\t\t<\/div>\n\t\t\t\t<div class=\"elementor-element elementor-element-ebbb742 elementor-widget-divider--view-line elementor-widget elementor-widget-divider\" data-id=\"ebbb742\" data-element_type=\"widget\" data-e-type=\"widget\" data-widget_type=\"divider.default\">\n\t\t\t\t<div class=\"elementor-widget-container\">\n\t\t\t\t\t\t\t<div class=\"elementor-divider\">\n\t\t\t<span class=\"elementor-divider-separator\">\n\t\t\t\t\t\t<\/span>\n\t\t<\/div>\n\t\t\t\t\t\t<\/div>\n\t\t\t\t<\/div>\n\t\t\t\t<div class=\"elementor-element elementor-element-47fd62e elementor-widget elementor-widget-text-editor\" data-id=\"47fd62e\" data-element_type=\"widget\" data-e-type=\"widget\" data-widget_type=\"text-editor.default\">\n\t\t\t\t<div class=\"elementor-widget-container\">\n\t\t\t\t\t\t\t\t\t<p>Produktrester och vardagens p\u00e5frestningar med v\u00e5r exklusiva <strong data-start=\"393\" data-end=\"440\">Headspa-behandling p\u00e5 Maria\u2019s Beauty Center<\/strong>.<\/p><p>V\u00e5r headspa \u00e4r en lugnande och djupreng\u00f6rande behandling som kombinerar avancerad h\u00e5rbottenv\u00e5rd med djup avslappning. Behandlingen hj\u00e4lper till att reng\u00f6ra h\u00e5rbotten p\u00e5 djupet, stimulera blodcirkulationen och skapa b\u00e4ttre f\u00f6ruts\u00e4ttningar f\u00f6r ett starkt och friskt h\u00e5r.<\/p>\t\t\t\t\t\t\t\t<\/div>\n\t\t\t\t<\/div>\n\t\t\t\t\t<\/div>\n\t\t<\/div>\n\t\t\t\t<div class=\"elementor-column elementor-col-50 elementor-top-column elementor-element elementor-element-8153c7d\" data-id=\"8153c7d\" data-element_type=\"column\" data-e-type=\"column\">\n\t\t\t<div class=\"elementor-widget-wrap elementor-element-populated\">\n\t\t\t\t\t\t<div class=\"elementor-element elementor-element-010a346 elementor-widget elementor-widget-image\" data-id=\"010a346\" data-element_type=\"widget\" data-e-type=\"widget\" data-widget_type=\"image.default\">\n\t\t\t\t<div class=\"elementor-widget-container\">\n\t\t\t\t\t\t\t\t\t\t\t\t\t\t\t<img fetchpriority=\"high\" decoding=\"async\" width=\"894\" height=\"894\" src=\"https:\/\/mariasbeautycenter.se\/wp-content\/uploads\/2026\/03\/71JqoD4Dx5L._AC_UF8941000_QL80.webp\" class=\"attachment-full size-full wp-image-10769\" alt=\"\" srcset=\"https:\/\/mariasbeautycenter.se\/wp-content\/uploads\/2026\/03\/71JqoD4Dx5L._AC_UF8941000_QL80.webp 894w, https:\/\/mariasbeautycenter.se\/wp-content\/uploads\/2026\/03\/71JqoD4Dx5L._AC_UF8941000_QL80-300x300.webp 300w, https:\/\/mariasbeautycenter.se\/wp-content\/uploads\/2026\/03\/71JqoD4Dx5L._AC_UF8941000_QL80-150x150.webp 150w, https:\/\/mariasbeautycenter.se\/wp-content\/uploads\/2026\/03\/71JqoD4Dx5L._AC_UF8941000_QL80-768x768.webp 768w, https:\/\/mariasbeautycenter.se\/wp-content\/uploads\/2026\/03\/71JqoD4Dx5L._AC_UF8941000_QL80-12x12.webp 12w\" sizes=\"(max-width: 894px) 100vw, 894px\" \/>\t\t\t\t\t\t\t\t\t\t\t\t\t\t\t<\/div>\n\t\t\t\t<\/div>\n\t\t\t\t\t<\/div>\n\t\t<\/div>\n\t\t\t\t\t<\/div>\n\t\t<\/section>\n\t\t\t\t<section data-particle_enable=\"false\" data-particle-mobile-disabled=\"false\" class=\"elementor-section elementor-top-section elementor-element elementor-element-d326d16 elementor-section-boxed elementor-section-height-default elementor-section-height-default\" data-id=\"d326d16\" data-element_type=\"section\" data-e-type=\"section\" data-settings=\"{&quot;_ha_eqh_enable&quot;:false}\">\n\t\t\t\t\t\t<div class=\"elementor-container elementor-column-gap-default\">\n\t\t\t\t\t<div class=\"elementor-column elementor-col-50 elementor-top-column elementor-element elementor-element-beff252\" data-id=\"beff252\" data-element_type=\"column\" data-e-type=\"column\">\n\t\t\t<div class=\"elementor-widget-wrap elementor-element-populated\">\n\t\t\t\t\t\t<div class=\"elementor-element elementor-element-ad3ef67 elementor-widget elementor-widget-image\" data-id=\"ad3ef67\" data-element_type=\"widget\" data-e-type=\"widget\" data-widget_type=\"image.default\">\n\t\t\t\t<div class=\"elementor-widget-container\">\n\t\t\t\t\t\t\t\t\t\t\t\t\t\t\t<img decoding=\"async\" width=\"1080\" height=\"1080\" src=\"https:\/\/mariasbeautycenter.se\/wp-content\/uploads\/2026\/03\/0515_1_copy_119901e0-846f-4227-9.webp\" class=\"attachment-full size-full wp-image-10768\" alt=\"\" srcset=\"https:\/\/mariasbeautycenter.se\/wp-content\/uploads\/2026\/03\/0515_1_copy_119901e0-846f-4227-9.webp 1080w, https:\/\/mariasbeautycenter.se\/wp-content\/uploads\/2026\/03\/0515_1_copy_119901e0-846f-4227-9-300x300.webp 300w, https:\/\/mariasbeautycenter.se\/wp-content\/uploads\/2026\/03\/0515_1_copy_119901e0-846f-4227-9-1024x1024.webp 1024w, https:\/\/mariasbeautycenter.se\/wp-content\/uploads\/2026\/03\/0515_1_copy_119901e0-846f-4227-9-150x150.webp 150w, https:\/\/mariasbeautycenter.se\/wp-content\/uploads\/2026\/03\/0515_1_copy_119901e0-846f-4227-9-768x768.webp 768w, https:\/\/mariasbeautycenter.se\/wp-content\/uploads\/2026\/03\/0515_1_copy_119901e0-846f-4227-9-12x12.webp 12w\" sizes=\"(max-width: 1080px) 100vw, 1080px\" \/>\t\t\t\t\t\t\t\t\t\t\t\t\t\t\t<\/div>\n\t\t\t\t<\/div>\n\t\t\t\t\t<\/div>\n\t\t<\/div>\n\t\t\t\t<div class=\"elementor-column elementor-col-50 elementor-top-column elementor-element elementor-element-c5d3b24\" data-id=\"c5d3b24\" data-element_type=\"column\" data-e-type=\"column\">\n\t\t\t<div class=\"elementor-widget-wrap elementor-element-populated\">\n\t\t\t\t\t\t<div class=\"elementor-element elementor-element-399ed03 elementor-widget elementor-widget-heading\" data-id=\"399ed03\" data-element_type=\"widget\" data-e-type=\"widget\" data-widget_type=\"heading.default\">\n\t\t\t\t<div class=\"elementor-widget-container\">\n\t\t\t\t\t<h2 class=\"elementor-heading-title elementor-size-default\">Under behandlingen<\/h2>\t\t\t\t<\/div>\n\t\t\t\t<\/div>\n\t\t\t\t<div class=\"elementor-element elementor-element-2a87876 elementor-widget-divider--view-line elementor-widget elementor-widget-divider\" data-id=\"2a87876\" data-element_type=\"widget\" data-e-type=\"widget\" data-widget_type=\"divider.default\">\n\t\t\t\t<div class=\"elementor-widget-container\">\n\t\t\t\t\t\t\t<div class=\"elementor-divider\">\n\t\t\t<span class=\"elementor-divider-separator\">\n\t\t\t\t\t\t<\/span>\n\t\t<\/div>\n\t\t\t\t\t\t<\/div>\n\t\t\t\t<\/div>\n\t\t\t\t<div class=\"elementor-element elementor-element-a1eef85 elementor-widget elementor-widget-text-editor\" data-id=\"a1eef85\" data-element_type=\"widget\" data-e-type=\"widget\" data-widget_type=\"text-editor.default\">\n\t\t\t\t<div class=\"elementor-widget-container\">\n\t\t\t\t\t\t\t\t\t<p>Under behandlingen b\u00f6rjar vi med en noggrann reng\u00f6ring av h\u00e5r och h\u00e5rbotten f\u00f6r att avl\u00e4gsna smuts, olja och stylingrester. D\u00e4refter f\u00f6ljer en avslappnande <strong data-start=\"869\" data-end=\"922\">skalpmassage under varmt rinnande vatten och \u00e5nga<\/strong>, vilket hj\u00e4lper musklerna att slappna av samtidigt som blodcirkulationen f\u00f6rb\u00e4ttras.<\/p>\t\t\t\t\t\t\t\t<\/div>\n\t\t\t\t<\/div>\n\t\t\t\t\t<\/div>\n\t\t<\/div>\n\t\t\t\t\t<\/div>\n\t\t<\/section>\n\t\t\t\t<section data-particle_enable=\"false\" data-particle-mobile-disabled=\"false\" class=\"elementor-section elementor-top-section elementor-element elementor-element-03e62e6 elementor-section-boxed elementor-section-height-default elementor-section-height-default\" data-id=\"03e62e6\" data-element_type=\"section\" data-e-type=\"section\" data-settings=\"{&quot;_ha_eqh_enable&quot;:false}\">\n\t\t\t\t\t\t<div class=\"elementor-container elementor-column-gap-default\">\n\t\t\t\t\t<div class=\"elementor-column elementor-col-50 elementor-top-column elementor-element elementor-element-7a88550\" data-id=\"7a88550\" data-element_type=\"column\" data-e-type=\"column\">\n\t\t\t<div class=\"elementor-widget-wrap elementor-element-populated\">\n\t\t\t\t\t\t<div class=\"elementor-element elementor-element-941143b elementor-widget-divider--view-line elementor-widget elementor-widget-divider\" data-id=\"941143b\" data-element_type=\"widget\" data-e-type=\"widget\" data-widget_type=\"divider.default\">\n\t\t\t\t<div class=\"elementor-widget-container\">\n\t\t\t\t\t\t\t<div class=\"elementor-divider\">\n\t\t\t<span class=\"elementor-divider-separator\">\n\t\t\t\t\t\t<\/span>\n\t\t<\/div>\n\t\t\t\t\t\t<\/div>\n\t\t\t\t<\/div>\n\t\t\t\t<div class=\"elementor-element elementor-element-52dd614 elementor-widget elementor-widget-text-editor\" data-id=\"52dd614\" data-element_type=\"widget\" data-e-type=\"widget\" data-widget_type=\"text-editor.default\">\n\t\t\t\t<div class=\"elementor-widget-container\">\n\t\t\t\t\t\t\t\t\t<p>F\u00f6r att f\u00f6rst\u00e4rka upplevelsen forts\u00e4tter behandlingen med en lugnande massage av nacke, axlar och dekolletage, d\u00e4r v\u00e4rme och mjuka r\u00f6relser hj\u00e4lper kroppen att sl\u00e4ppa sp\u00e4nningar och skapa en k\u00e4nsla av total harmoni.<\/p>\t\t\t\t\t\t\t\t<\/div>\n\t\t\t\t<\/div>\n\t\t\t\t\t<\/div>\n\t\t<\/div>\n\t\t\t\t<div class=\"elementor-column elementor-col-50 elementor-top-column elementor-element elementor-element-d4a6840\" data-id=\"d4a6840\" data-element_type=\"column\" data-e-type=\"column\">\n\t\t\t<div class=\"elementor-widget-wrap elementor-element-populated\">\n\t\t\t\t\t\t<div class=\"elementor-element elementor-element-830743f elementor-widget elementor-widget-image\" data-id=\"830743f\" data-element_type=\"widget\" data-e-type=\"widget\" data-widget_type=\"image.default\">\n\t\t\t\t<div class=\"elementor-widget-container\">\n\t\t\t\t\t\t\t\t\t\t\t\t\t\t\t<img decoding=\"async\" width=\"1024\" height=\"1024\" src=\"https:\/\/mariasbeautycenter.se\/wp-content\/uploads\/2026\/03\/Whisk_08942f3c9856951883b4d82a4d0ac3e1dr.jpeg\" class=\"attachment-full size-full wp-image-10771\" alt=\"\" srcset=\"https:\/\/mariasbeautycenter.se\/wp-content\/uploads\/2026\/03\/Whisk_08942f3c9856951883b4d82a4d0ac3e1dr.jpeg 1024w, https:\/\/mariasbeautycenter.se\/wp-content\/uploads\/2026\/03\/Whisk_08942f3c9856951883b4d82a4d0ac3e1dr-300x300.jpeg 300w, https:\/\/mariasbeautycenter.se\/wp-content\/uploads\/2026\/03\/Whisk_08942f3c9856951883b4d82a4d0ac3e1dr-150x150.jpeg 150w, https:\/\/mariasbeautycenter.se\/wp-content\/uploads\/2026\/03\/Whisk_08942f3c9856951883b4d82a4d0ac3e1dr-768x768.jpeg 768w, https:\/\/mariasbeautycenter.se\/wp-content\/uploads\/2026\/03\/Whisk_08942f3c9856951883b4d82a4d0ac3e1dr-12x12.jpeg 12w\" sizes=\"(max-width: 1024px) 100vw, 1024px\" \/>\t\t\t\t\t\t\t\t\t\t\t\t\t\t\t<\/div>\n\t\t\t\t<\/div>\n\t\t\t\t\t<\/div>\n\t\t<\/div>\n\t\t\t\t\t<\/div>\n\t\t<\/section>\n\t\t\t\t<section data-particle_enable=\"false\" data-particle-mobile-disabled=\"false\" class=\"elementor-section elementor-top-section elementor-element elementor-element-194c017 elementor-section-boxed elementor-section-height-default elementor-section-height-default\" data-id=\"194c017\" data-element_type=\"section\" data-e-type=\"section\" data-settings=\"{&quot;_ha_eqh_enable&quot;:false}\">\n\t\t\t\t\t\t<div class=\"elementor-container elementor-column-gap-default\">\n\t\t\t\t\t<div class=\"elementor-column elementor-col-50 elementor-top-column elementor-element elementor-element-d069c5d\" data-id=\"d069c5d\" data-element_type=\"column\" data-e-type=\"column\">\n\t\t\t<div class=\"elementor-widget-wrap elementor-element-populated\">\n\t\t\t\t\t\t<div class=\"elementor-element elementor-element-e9b2045 elementor-widget elementor-widget-image\" data-id=\"e9b2045\" data-element_type=\"widget\" data-e-type=\"widget\" data-widget_type=\"image.default\">\n\t\t\t\t<div class=\"elementor-widget-container\">\n\t\t\t\t\t\t\t\t\t\t\t\t\t\t\t<img loading=\"lazy\" decoding=\"async\" width=\"1024\" height=\"1024\" src=\"https:\/\/mariasbeautycenter.se\/wp-content\/uploads\/2026\/03\/Whisk_20dadb9202b5487a5f345d9442265d84dr.jpeg\" class=\"attachment-full size-full wp-image-10770\" alt=\"\" srcset=\"https:\/\/mariasbeautycenter.se\/wp-content\/uploads\/2026\/03\/Whisk_20dadb9202b5487a5f345d9442265d84dr.jpeg 1024w, https:\/\/mariasbeautycenter.se\/wp-content\/uploads\/2026\/03\/Whisk_20dadb9202b5487a5f345d9442265d84dr-300x300.jpeg 300w, https:\/\/mariasbeautycenter.se\/wp-content\/uploads\/2026\/03\/Whisk_20dadb9202b5487a5f345d9442265d84dr-150x150.jpeg 150w, https:\/\/mariasbeautycenter.se\/wp-content\/uploads\/2026\/03\/Whisk_20dadb9202b5487a5f345d9442265d84dr-768x768.jpeg 768w, https:\/\/mariasbeautycenter.se\/wp-content\/uploads\/2026\/03\/Whisk_20dadb9202b5487a5f345d9442265d84dr-12x12.jpeg 12w\" sizes=\"(max-width: 1024px) 100vw, 1024px\" \/>\t\t\t\t\t\t\t\t\t\t\t\t\t\t\t<\/div>\n\t\t\t\t<\/div>\n\t\t\t\t\t<\/div>\n\t\t<\/div>\n\t\t\t\t<div class=\"elementor-column elementor-col-50 elementor-top-column elementor-element elementor-element-a56b54e\" data-id=\"a56b54e\" data-element_type=\"column\" data-e-type=\"column\">\n\t\t\t<div class=\"elementor-widget-wrap elementor-element-populated\">\n\t\t\t\t\t\t<div class=\"elementor-element elementor-element-59793ef elementor-widget-divider--view-line elementor-widget elementor-widget-divider\" data-id=\"59793ef\" data-element_type=\"widget\" data-e-type=\"widget\" data-widget_type=\"divider.default\">\n\t\t\t\t<div class=\"elementor-widget-container\">\n\t\t\t\t\t\t\t<div class=\"elementor-divider\">\n\t\t\t<span class=\"elementor-divider-separator\">\n\t\t\t\t\t\t<\/span>\n\t\t<\/div>\n\t\t\t\t\t\t<\/div>\n\t\t\t\t<\/div>\n\t\t\t\t<div class=\"elementor-element elementor-element-05d23a3 elementor-widget elementor-widget-text-editor\" data-id=\"05d23a3\" data-element_type=\"widget\" data-e-type=\"widget\" data-widget_type=\"text-editor.default\">\n\t\t\t\t<div class=\"elementor-widget-container\">\n\t\t\t\t\t\t\t\t\t<p data-start=\"1230\" data-end=\"1349\">Resultatet \u00e4r inte bara ett renare och friskare h\u00e5r \u2013 utan \u00e4ven en k\u00e4nsla av djup avslappning f\u00f6r b\u00e5de kropp och sinne.<\/p><p data-start=\"1351\" data-end=\"1515\">Hos <strong data-start=\"1355\" data-end=\"1380\">Maria\u2019s Beauty Center<\/strong> \u00e4r v\u00e5r headspa mer \u00e4n bara en h\u00e5rbehandling. Det \u00e4r en stund d\u00e4r du f\u00e5r koppla bort vardagen och ge dig sj\u00e4lv den omsorg du f\u00f6rtj\u00e4nar.<\/p><p data-start=\"1517\" data-end=\"1603\"><strong data-start=\"1517\" data-end=\"1603\">Boka din Headspa-behandling idag och upplev en ny niv\u00e5 av avslappning och h\u00e5rv\u00e5rd.<\/strong><\/p>\t\t\t\t\t\t\t\t<\/div>\n\t\t\t\t<\/div>\n\t\t\t\t\t<\/div>\n\t\t<\/div>\n\t\t\t\t\t<\/div>\n\t\t<\/section>\n\t\t\t\t<section data-particle_enable=\"false\" data-particle-mobile-disabled=\"false\" class=\"elementor-section elementor-top-section elementor-element elementor-element-6b618a3 elementor-section-height-min-height elementor-section-boxed elementor-section-height-default elementor-section-items-middle\" data-id=\"6b618a3\" data-element_type=\"section\" data-e-type=\"section\" data-settings=\"{&quot;background_background&quot;:&quot;classic&quot;,&quot;_ha_eqh_enable&quot;:false}\">\n\t\t\t\t\t\t\t<div class=\"elementor-background-overlay\"><\/div>\n\t\t\t\t\t\t\t<div class=\"elementor-container elementor-column-gap-default\">\n\t\t\t\t\t<div class=\"elementor-column elementor-col-100 elementor-top-column elementor-element elementor-element-7b9b2b3\" data-id=\"7b9b2b3\" data-element_type=\"column\" data-e-type=\"column\" data-settings=\"{&quot;background_background&quot;:&quot;classic&quot;}\">\n\t\t\t<div class=\"elementor-widget-wrap elementor-element-populated\">\n\t\t\t\t\t\t<section data-particle_enable=\"false\" data-particle-mobile-disabled=\"false\" class=\"elementor-section elementor-inner-section elementor-element elementor-element-85acbb1 elementor-section-boxed elementor-section-height-default elementor-section-height-default\" data-id=\"85acbb1\" data-element_type=\"section\" data-e-type=\"section\" data-settings=\"{&quot;_ha_eqh_enable&quot;:false}\">\n\t\t\t\t\t\t<div class=\"elementor-container elementor-column-gap-default\">\n\t\t\t\t\t<div class=\"elementor-column elementor-col-100 elementor-inner-column elementor-element elementor-element-7db3b4f\" data-id=\"7db3b4f\" data-element_type=\"column\" data-e-type=\"column\" data-settings=\"{&quot;background_background&quot;:&quot;classic&quot;}\">\n\t\t\t<div class=\"elementor-widget-wrap elementor-element-populated\">\n\t\t\t\t\t\t<div class=\"elementor-element elementor-element-9315cac elementor-widget elementor-widget-heading\" data-id=\"9315cac\" data-element_type=\"widget\" data-e-type=\"widget\" data-widget_type=\"heading.default\">\n\t\t\t\t<div class=\"elementor-widget-container\">\n\t\t\t\t\t<h2 class=\"elementor-heading-title elementor-size-default\">Boka Din Headspa Idag<\/h2>\t\t\t\t<\/div>\n\t\t\t\t<\/div>\n\t\t\t\t<div class=\"elementor-element elementor-element-63525fa elementor-widget elementor-widget-text-editor\" data-id=\"63525fa\" data-element_type=\"widget\" data-e-type=\"widget\" data-widget_type=\"text-editor.default\">\n\t\t\t\t<div class=\"elementor-widget-container\">\n\t\t\t\t\t\t\t\t\t<p>Klicka p\u00e5 <strong data-start=\"2057\" data-end=\"2068\">Boka Nu<\/strong> och v\u00e4lj den behandling som passar dig b\u00e4st \u2013 vi ser fram emot att ta hand om dig.<\/p>\t\t\t\t\t\t\t\t<\/div>\n\t\t\t\t<\/div>\n\t\t\t\t\t<\/div>\n\t\t<\/div>\n\t\t\t\t\t<\/div>\n\t\t<\/section>\n\t\t\t\t<section data-particle_enable=\"false\" data-particle-mobile-disabled=\"false\" class=\"elementor-section elementor-inner-section elementor-element elementor-element-a77293e elementor-section-boxed elementor-section-height-default elementor-section-height-default\" data-id=\"a77293e\" data-element_type=\"section\" data-e-type=\"section\" data-settings=\"{&quot;_ha_eqh_enable&quot;:false}\">\n\t\t\t\t\t\t<div class=\"elementor-container elementor-column-gap-default\">\n\t\t\t\t\t<div class=\"elementor-column elementor-col-50 elementor-inner-column elementor-element elementor-element-61ba184\" data-id=\"61ba184\" data-element_type=\"column\" data-e-type=\"column\">\n\t\t\t<div class=\"elementor-widget-wrap elementor-element-populated\">\n\t\t\t\t\t\t<div class=\"elementor-element elementor-element-6e4de11 elementor-align-right elementor-widget elementor-widget-button\" data-id=\"6e4de11\" data-element_type=\"widget\" data-e-type=\"widget\" data-widget_type=\"button.default\">\n\t\t\t\t<div class=\"elementor-widget-container\">\n\t\t\t\t\t\t\t\t\t<div class=\"elementor-button-wrapper\">\n\t\t\t\t\t<a class=\"elementor-button elementor-button-link elementor-size-sm\" href=\"https:\/\/www.bokadirekt.se\/places\/maria-s-beauty-center-43696\" target=\"_blank\" rel=\"noopener\">\n\t\t\t\t\t\t<span class=\"elementor-button-content-wrapper\">\n\t\t\t\t\t\t\t\t\t<span class=\"elementor-button-text\">Boka nu<\/span>\n\t\t\t\t\t<\/span>\n\t\t\t\t\t<\/a>\n\t\t\t\t<\/div>\n\t\t\t\t\t\t\t\t<\/div>\n\t\t\t\t<\/div>\n\t\t\t\t\t<\/div>\n\t\t<\/div>\n\t\t\t\t<div class=\"elementor-column elementor-col-50 elementor-inner-column elementor-element elementor-element-ecca77c\" data-id=\"ecca77c\" data-element_type=\"column\" data-e-type=\"column\">\n\t\t\t<div class=\"elementor-widget-wrap elementor-element-populated\">\n\t\t\t\t\t\t<div class=\"elementor-element elementor-element-ae33265 elementor-align-left elementor-widget elementor-widget-button\" data-id=\"ae33265\" data-element_type=\"widget\" data-e-type=\"widget\" data-widget_type=\"button.default\">\n\t\t\t\t<div class=\"elementor-widget-container\">\n\t\t\t\t\t\t\t\t\t<div class=\"elementor-button-wrapper\">\n\t\t\t\t\t<a class=\"elementor-button elementor-button-link elementor-size-sm\" href=\"https:\/\/mariasbeautycenter.se\/en\/kontakt-oss\/\">\n\t\t\t\t\t\t<span class=\"elementor-button-content-wrapper\">\n\t\t\t\t\t\t\t\t\t<span class=\"elementor-button-text\">Kontakta oss<\/span>\n\t\t\t\t\t<\/span>\n\t\t\t\t\t<\/a>\n\t\t\t\t<\/div>\n\t\t\t\t\t\t\t\t<\/div>\n\t\t\t\t<\/div>\n\t\t\t\t\t<\/div>\n\t\t<\/div>\n\t\t\t\t\t<\/div>\n\t\t<\/section>\n\t\t\t\t\t<\/div>\n\t\t<\/div>\n\t\t\t\t\t<\/div>\n\t\t<\/section>\n\t\t\t\t<\/div>","protected":false},"excerpt":{"rendered":"<p>Headspa \u2013 Djup v\u00e5rd f\u00f6r h\u00e5r &amp; h\u00e5rbotten Ge ditt h\u00e5r och din h\u00e5rbotten en paus fr\u00e5n stress. Produktrester och [&hellip;]<\/p>\n","protected":false},"author":1,"featured_media":0,"parent":0,"menu_order":0,"comment_status":"closed","ping_status":"closed","template":"elementor_header_footer","meta":{"site-sidebar-layout":"no-sidebar","site-content-layout":"","ast-site-content-layout":"full-width-container","site-content-style":"default","site-sidebar-style":"default","ast-global-header-display":"","ast-banner-title-visibility":"","ast-main-header-display":"","ast-hfb-above-header-display":"","ast-hfb-below-header-display":"","ast-hfb-mobile-header-display":"","site-post-title":"","ast-breadcrumbs-content":"","ast-featured-img":"disabled","footer-sml-layout":"","ast-disable-related-posts":"","theme-transparent-header-meta":"","adv-header-id-meta":"","stick-header-meta":"","header-above-stick-meta":"","header-main-stick-meta":"","header-below-stick-meta":"","astra-migrate-meta-layouts":"default","ast-page-background-enabled":"default","ast-page-background-meta":{"desktop":{"background-color":"var(--ast-global-color-4)","background-image":"","background-repeat":"repeat","background-position":"center center","background-size":"auto","background-attachment":"scroll","background-type":"","background-media":"","overlay-type":"","overlay-color":"","overlay-opacity":"","overlay-gradient":""},"tablet":{"background-color":"","background-image":"","background-repeat":"repeat","background-position":"center center","background-size":"auto","background-attachment":"scroll","background-type":"","background-media":"","overlay-type":"","overlay-color":"","overlay-opacity":"","overlay-gradient":""},"mobile":{"background-color":"","background-image":"","background-repeat":"repeat","background-position":"center center","background-size":"auto","background-attachment":"scroll","background-type":"","background-media":"","overlay-type":"","overlay-color":"","overlay-opacity":"","overlay-gradient":""}},"ast-content-background-meta":{"desktop":{"background-color":"var(--ast-global-color-5)","background-image":"","background-repeat":"repeat","background-position":"center center","background-size":"auto","background-attachment":"scroll","background-type":"","background-media":"","overlay-type":"","overlay-color":"","overlay-opacity":"","overlay-gradient":""},"tablet":{"background-color":"var(--ast-global-color-5)","background-image":"","background-repeat":"repeat","background-position":"center center","background-size":"auto","background-attachment":"scroll","background-type":"","background-media":"","overlay-type":"","overlay-color":"","overlay-opacity":"","overlay-gradient":""},"mobile":{"background-color":"var(--ast-global-color-5)","background-image":"","background-repeat":"repeat","background-position":"center center","background-size":"auto","background-attachment":"scroll","background-type":"","background-media":"","overlay-type":"","overlay-color":"","overlay-opacity":"","overlay-gradient":""}},"footnotes":""},"class_list":["post-10778","page","type-page","status-publish","hentry"],"_links":{"self":[{"href":"https:\/\/mariasbeautycenter.se\/en\/wp-json\/wp\/v2\/pages\/10778","targetHints":{"allow":["GET"]}}],"collection":[{"href":"https:\/\/mariasbeautycenter.se\/en\/wp-json\/wp\/v2\/pages"}],"about":[{"href":"https:\/\/mariasbeautycenter.se\/en\/wp-json\/wp\/v2\/types\/page"}],"author":[{"embeddable":true,"href":"https:\/\/mariasbeautycenter.se\/en\/wp-json\/wp\/v2\/users\/1"}],"replies":[{"embeddable":true,"href":"https:\/\/mariasbeautycenter.se\/en\/wp-json\/wp\/v2\/comments?post=10778"}],"version-history":[{"count":4,"href":"https:\/\/mariasbeautycenter.se\/en\/wp-json\/wp\/v2\/pages\/10778\/revisions"}],"predecessor-version":[{"id":10783,"href":"https:\/\/mariasbeautycenter.se\/en\/wp-json\/wp\/v2\/pages\/10778\/revisions\/10783"}],"wp:attachment":[{"href":"https:\/\/mariasbeautycenter.se\/en\/wp-json\/wp\/v2\/media?parent=10778"}],"curies":[{"name":"wp","href":"https:\/\/api.w.org\/{rel}","templated":true}]}}